{"id":1129,"date":"2023-02-20T14:40:52","date_gmt":"2023-02-20T13:40:52","guid":{"rendered":"http:\/\/www.denise-weitenthaler.at\/?page_id=1129"},"modified":"2023-02-20T14:49:34","modified_gmt":"2023-02-20T13:49:34","slug":"elementor-1129","status":"publish","type":"page","link":"http:\/\/www.denise-weitenthaler.at\/?page_id=1129","title":{"rendered":"Videografie"},"content":{"rendered":"\t\t<div data-elementor-type=\"wp-page\" data-elementor-id=\"1129\" class=\"elementor elementor-1129\">\n\t\t\t\t\t\t<section class=\"elementor-section elementor-top-section elementor-element elementor-element-ea562c4 elementor-section-boxed elementor-section-height-default elementor-section-height-default\" data-id=\"ea562c4\" data-element_type=\"section\">\n\t\t\t\t\t\t<div class=\"elementor-container elementor-column-gap-default\">\n\t\t\t\t\t<div class=\"elementor-column elementor-col-100 elementor-top-column elementor-element elementor-element-28cb70a\" data-id=\"28cb70a\" data-element_type=\"column\">\n\t\t\t<div class=\"elementor-widget-wrap elementor-element-populated\">\n\t\t\t\t\t\t<div class=\"elementor-element elementor-element-699f988 elementor-widget elementor-widget-heading\" data-id=\"699f988\" data-element_type=\"widget\" data-widget_type=\"heading.default\">\n\t\t\t\t<div class=\"elementor-widget-container\">\n\t\t\t\t\t<h2 class=\"elementor-heading-title elementor-size-default\">Videografie<\/h2>\t\t\t\t<\/div>\n\t\t\t\t<\/div>\n\t\t\t\t\t<\/div>\n\t\t<\/div>\n\t\t\t\t\t<\/div>\n\t\t<\/section>\n\t\t\t\t<section class=\"elementor-section elementor-top-section elementor-element elementor-element-3894117 elementor-section-boxed elementor-section-height-default elementor-section-height-default\" data-id=\"3894117\" data-element_type=\"section\">\n\t\t\t\t\t\t<div class=\"elementor-container elementor-column-gap-default\">\n\t\t\t\t\t<div class=\"elementor-column elementor-col-100 elementor-top-column elementor-element elementor-element-dec297d\" data-id=\"dec297d\" data-element_type=\"column\">\n\t\t\t<div class=\"elementor-widget-wrap elementor-element-populated\">\n\t\t\t\t\t\t<div class=\"elementor-element elementor-element-f46caf8 elementor-widget elementor-widget-text-editor\" data-id=\"f46caf8\" data-element_type=\"widget\" data-widget_type=\"text-editor.default\">\n\t\t\t\t<div class=\"elementor-widget-container\">\n\t\t\t\t\t\t\t\t\t<p>Mitte 2022 habe ich begonnen mich neben meiner Leidenschaft zu Fotos auch mit Videos zu besch\u00e4ftigen.&nbsp;<\/p><p>Einige kleine Versuche habe ich auch bei Shootings schon gestartet, hierzu wird es also in den n\u00e4chsten Tagen, Wochen und Monaten mehr geben. Bis dahin k\u00f6nnt ihr euch hier \u00fcber meine neuesten Videos erfreuen:<\/p>\t\t\t\t\t\t\t\t<\/div>\n\t\t\t\t<\/div>\n\t\t\t\t\t<\/div>\n\t\t<\/div>\n\t\t\t\t\t<\/div>\n\t\t<\/section>\n\t\t\t\t<section class=\"elementor-section elementor-top-section elementor-element elementor-element-13cb475 elementor-section-boxed elementor-section-height-default elementor-section-height-default\" data-id=\"13cb475\" data-element_type=\"section\">\n\t\t\t\t\t\t<div class=\"elementor-container elementor-column-gap-default\">\n\t\t\t\t\t<div class=\"elementor-column elementor-col-100 elementor-top-column elementor-element elementor-element-e4c31d4\" data-id=\"e4c31d4\" data-element_type=\"column\">\n\t\t\t<div class=\"elementor-widget-wrap elementor-element-populated\">\n\t\t\t\t\t\t<div class=\"elementor-element elementor-element-7d881ea elementor-widget elementor-widget-video\" data-id=\"7d881ea\" data-element_type=\"widget\" data-settings=\"{&quot;youtube_url&quot;:&quot;https:\\\/\\\/youtu.be\\\/8guRL44TqRs&quot;,&quot;yt_privacy&quot;:&quot;yes&quot;,&quot;video_type&quot;:&quot;youtube&quot;,&quot;controls&quot;:&quot;yes&quot;}\" data-widget_type=\"video.default\">\n\t\t\t\t<div class=\"elementor-widget-container\">\n\t\t\t\t\t\t\t<div class=\"elementor-wrapper elementor-open-inline\">\n\t\t\t<div class=\"elementor-video\"><\/div>\t\t<\/div>\n\t\t\t\t\t\t<\/div>\n\t\t\t\t<\/div>\n\t\t\t\t\t<\/div>\n\t\t<\/div>\n\t\t\t\t\t<\/div>\n\t\t<\/section>\n\t\t\t\t<\/div>\n\t\t","protected":false},"excerpt":{"rendered":"<p>Videografie Mitte 2022 habe ich begonnen mich neben meiner Leidenschaft zu Fotos auch mit Videos &hellip; <\/p>\n","protected":false},"author":1,"featured_media":0,"parent":0,"menu_order":0,"comment_status":"closed","ping_status":"closed","template":"","meta":{"footnotes":""},"class_list":["post-1129","page","type-page","status-publish","hentry","latest_post"],"_links":{"self":[{"href":"http:\/\/www.denise-weitenthaler.at\/index.php?rest_route=\/wp\/v2\/pages\/1129","targetHints":{"allow":["GET"]}}],"collection":[{"href":"http:\/\/www.denise-weitenthaler.at\/index.php?rest_route=\/wp\/v2\/pages"}],"about":[{"href":"http:\/\/www.denise-weitenthaler.at\/index.php?rest_route=\/wp\/v2\/types\/page"}],"author":[{"embeddable":true,"href":"http:\/\/www.denise-weitenthaler.at\/index.php?rest_route=\/wp\/v2\/users\/1"}],"replies":[{"embeddable":true,"href":"http:\/\/www.denise-weitenthaler.at\/index.php?rest_route=%2Fwp%2Fv2%2Fcomments&post=1129"}],"version-history":[{"count":6,"href":"http:\/\/www.denise-weitenthaler.at\/index.php?rest_route=\/wp\/v2\/pages\/1129\/revisions"}],"predecessor-version":[{"id":1136,"href":"http:\/\/www.denise-weitenthaler.at\/index.php?rest_route=\/wp\/v2\/pages\/1129\/revisions\/1136"}],"wp:attachment":[{"href":"http:\/\/www.denise-weitenthaler.at\/index.php?rest_route=%2Fwp%2Fv2%2Fmedia&parent=1129"}],"curies":[{"name":"wp","href":"https:\/\/api.w.org\/{rel}","templated":true}]}}