{"id":14,"date":"2020-12-27T21:00:53","date_gmt":"2020-12-27T20:00:53","guid":{"rendered":"http:\/\/www.denise-weitenthaler.at\/?page_id=14"},"modified":"2025-03-06T13:22:19","modified_gmt":"2025-03-06T12:22:19","slug":"ueber-mich","status":"publish","type":"page","link":"http:\/\/www.denise-weitenthaler.at\/?page_id=14","title":{"rendered":"\u00dcber mich"},"content":{"rendered":"\t\t<div data-elementor-type=\"wp-page\" data-elementor-id=\"14\" class=\"elementor elementor-14\">\n\t\t\t\t\t\t<section class=\"elementor-section elementor-top-section elementor-element elementor-element-a85bc5e elementor-section-boxed elementor-section-height-default elementor-section-height-default\" data-id=\"a85bc5e\" data-element_type=\"section\">\n\t\t\t\t\t\t<div class=\"elementor-container elementor-column-gap-default\">\n\t\t\t\t\t<div class=\"elementor-column elementor-col-100 elementor-top-column elementor-element elementor-element-d544163\" data-id=\"d544163\" data-element_type=\"column\">\n\t\t\t<div class=\"elementor-widget-wrap elementor-element-populated\">\n\t\t\t\t\t\t<div class=\"elementor-element elementor-element-98edf57 elementor-widget elementor-widget-heading\" data-id=\"98edf57\" data-element_type=\"widget\" data-widget_type=\"heading.default\">\n\t\t\t\t<div class=\"elementor-widget-container\">\n\t\t\t\t\t<h3 class=\"elementor-heading-title elementor-size-default\">Denise Weitenthaler - Premium Tier und Familienfotografin<\/h3>\t\t\t\t<\/div>\n\t\t\t\t<\/div>\n\t\t\t\t\t<\/div>\n\t\t<\/div>\n\t\t\t\t\t<\/div>\n\t\t<\/section>\n\t\t\t\t<section class=\"elementor-section elementor-inner-section elementor-element elementor-element-6140da1 elementor-section-boxed elementor-section-height-default elementor-section-height-default\" data-id=\"6140da1\" data-element_type=\"section\">\n\t\t\t\t\t\t<div class=\"elementor-container elementor-column-gap-default\">\n\t\t\t\t\t<div class=\"elementor-column elementor-col-50 elementor-inner-column elementor-element elementor-element-298f15e\" data-id=\"298f15e\" data-element_type=\"column\">\n\t\t\t<div class=\"elementor-widget-wrap elementor-element-populated\">\n\t\t\t\t\t\t<div class=\"elementor-element elementor-element-1952593 e-transform e-transform elementor-widget elementor-widget-image\" data-id=\"1952593\" data-element_type=\"widget\" data-settings=\"{&quot;_transform_scaleX_effect&quot;:{&quot;unit&quot;:&quot;px&quot;,&quot;size&quot;:1,&quot;sizes&quot;:[]},&quot;_transform_scaleY_effect&quot;:{&quot;unit&quot;:&quot;px&quot;,&quot;size&quot;:1,&quot;sizes&quot;:[]},&quot;_transform_scale_effect_hover&quot;:{&quot;unit&quot;:&quot;px&quot;,&quot;size&quot;:0,&quot;sizes&quot;:[]},&quot;_transform_scaleX_effect_tablet&quot;:{&quot;unit&quot;:&quot;px&quot;,&quot;size&quot;:&quot;&quot;,&quot;sizes&quot;:[]},&quot;_transform_scaleX_effect_mobile&quot;:{&quot;unit&quot;:&quot;px&quot;,&quot;size&quot;:&quot;&quot;,&quot;sizes&quot;:[]},&quot;_transform_scaleY_effect_tablet&quot;:{&quot;unit&quot;:&quot;px&quot;,&quot;size&quot;:&quot;&quot;,&quot;sizes&quot;:[]},&quot;_transform_scaleY_effect_mobile&quot;:{&quot;unit&quot;:&quot;px&quot;,&quot;size&quot;:&quot;&quot;,&quot;sizes&quot;:[]},&quot;_transform_scale_effect_hover_tablet&quot;:{&quot;unit&quot;:&quot;px&quot;,&quot;size&quot;:&quot;&quot;,&quot;sizes&quot;:[]},&quot;_transform_scale_effect_hover_mobile&quot;:{&quot;unit&quot;:&quot;px&quot;,&quot;size&quot;:&quot;&quot;,&quot;sizes&quot;:[]}}\" data-widget_type=\"image.default\">\n\t\t\t\t<div class=\"elementor-widget-container\">\n\t\t\t\t\t\t\t\t\t\t\t\t\t\t\t<img fetchpriority=\"high\" decoding=\"async\" width=\"1669\" height=\"2560\" src=\"http:\/\/www.denise-weitenthaler.at\/wp-content\/uploads\/2021\/12\/Druck-Tanze2-scaled.jpg\" class=\"attachment-full size-full wp-image-849\" alt=\"\" srcset=\"http:\/\/www.denise-weitenthaler.at\/wp-content\/uploads\/2021\/12\/Druck-Tanze2-scaled.jpg 1669w, http:\/\/www.denise-weitenthaler.at\/wp-content\/uploads\/2021\/12\/Druck-Tanze2-196x300.jpg 196w, http:\/\/www.denise-weitenthaler.at\/wp-content\/uploads\/2021\/12\/Druck-Tanze2-668x1024.jpg 668w, http:\/\/www.denise-weitenthaler.at\/wp-content\/uploads\/2021\/12\/Druck-Tanze2-768x1178.jpg 768w, http:\/\/www.denise-weitenthaler.at\/wp-content\/uploads\/2021\/12\/Druck-Tanze2-1001x1536.jpg 1001w, http:\/\/www.denise-weitenthaler.at\/wp-content\/uploads\/2021\/12\/Druck-Tanze2-1335x2048.jpg 1335w\" sizes=\"(max-width: 1669px) 100vw, 1669px\" \/>\t\t\t\t\t\t\t\t\t\t\t\t\t\t\t<\/div>\n\t\t\t\t<\/div>\n\t\t\t\t\t<\/div>\n\t\t<\/div>\n\t\t\t\t<div class=\"elementor-column elementor-col-50 elementor-inner-column elementor-element elementor-element-d603d64\" data-id=\"d603d64\" data-element_type=\"column\">\n\t\t\t<div class=\"elementor-widget-wrap elementor-element-populated\">\n\t\t\t\t\t\t<div class=\"elementor-element elementor-element-332ca7a elementor-widget elementor-widget-text-editor\" data-id=\"332ca7a\" data-element_type=\"widget\" data-widget_type=\"text-editor.default\">\n\t\t\t\t<div class=\"elementor-widget-container\">\n\t\t\t\t\t\t\t\t\t<p style=\"text-align: center;\" data-css=\"tve-u-16efc14adf4\">Mein Name ist Denise Weitenthaler und ich <strong>fotografiere bereits seit 7 Jahren<\/strong>. Sehr bald habe ich mich auf <strong>Tiere und Familien spezialisiert\u00a0<\/strong>und mich innerhalb k\u00fcrzester Zeit als Premium Tier- und Familienfotografin etabliert.<\/p>\n<p style=\"text-align: center;\" data-css=\"tve-u-16efc14adf5\">Zusammen mit ausgew\u00e4hlten Familien und Tierbesitzern erschaffe ich <strong>weltweit<\/strong>\u00a0Erinnerungen, die noch Jahre sp\u00e4ter die sch\u00f6nsten Emotionen bei meinen Kunden und deren Familien und Freunden hervorrufen.<\/p>\n<p style=\"text-align: center;\" data-css=\"tve-u-16efc14adf7\">Da ich alleine in den letzten zwei Jahren mehr als 100+ Familien und Tierbesitzer mit meiner Dienstleistung gl\u00fccklich machen durfte, habe ich mich dazu entschlossen, die kommenden Jahre, mich auf <strong>sehr ausgew\u00e4hlte Familien und Tierhalter\u00a0<\/strong>zu fokussieren, um diesen Kunden auch wirklich einen <strong>perfekten Service<\/strong> und absolut <strong>exzellente Ergebnisse<\/strong> bieten zu k\u00f6nnen.<br \/><br \/>Meine Familien und ich legen besonders viel Wert auf <strong>Nat\u00fcrlichkeit, Authentizit\u00e4t <\/strong>und<strong> Sympathie<\/strong>.<\/p>\n<p style=\"text-align: center;\" data-css=\"tve-u-16efc14adf7\">Da sich die meisten Familien genau diese Dinge f\u00fcr ihre einmaligen Erlebnisse w\u00fcnschen, kannst du dir sicher vorstellen, dass ich t\u00e4glich mindestens eine neue Anfrage erhalte.<\/p>\n<p>Nun bin ich an einem Punkt angekommen, an dem ich mir aussuchen kann, welche Familien ich an ihrem gro\u00dfen Tag begleite. Um all diese oben genannten Attribute zu gew\u00e4hrleisten, k\u00f6nnt ihr, auf dem Button unter diesem Text, gerne ein <strong>kostenloses Kennenlerngespr\u00e4ch<\/strong> mit mir vereinbaren. Hier finden wir dann heraus, ob ihr eine dieser gl\u00fccklichen Familien seid.\u00a0<\/p>\n<p style=\"text-align: center;\" data-css=\"tve-u-16efc14adf9\">Ich freue mich schon sehr, euch pers\u00f6nlich kennenzulernen. Wenn dann alle wichtigen Aspekte erf\u00fcllt sind und die <span data-css=\"tve-u-16fcf03969a\">Sympathie zwischen uns auch passt<\/span>, dann schaffen wir auch vielleicht schon bald <strong>einzigartige, ber\u00fchrende Erinnerungen.<\/strong><\/p>\n<p style=\"text-align: center;\" data-css=\"tve-u-16efc14adfa\">Bis dahin, alles Liebe<br \/>Eure Denise<\/p>\t\t\t\t\t\t\t\t<\/div>\n\t\t\t\t<\/div>\n\t\t\t\t\t<\/div>\n\t\t<\/div>\n\t\t\t\t\t<\/div>\n\t\t<\/section>\n\t\t\t\t<section class=\"elementor-section elementor-top-section elementor-element elementor-element-77b3884 elementor-section-boxed elementor-section-height-default elementor-section-height-default\" data-id=\"77b3884\" data-element_type=\"section\">\n\t\t\t\t\t\t<div class=\"elementor-container elementor-column-gap-default\">\n\t\t\t\t\t<div class=\"elementor-column elementor-col-100 elementor-top-column elementor-element elementor-element-cfafe9e\" data-id=\"cfafe9e\" data-element_type=\"column\">\n\t\t\t<div class=\"elementor-widget-wrap elementor-element-populated\">\n\t\t\t\t\t\t<div class=\"elementor-element elementor-element-d9bfcd0 elementor-align-center elementor-widget elementor-widget-button\" data-id=\"d9bfcd0\" data-element_type=\"widget\" data-widget_type=\"button.default\">\n\t\t\t\t<div class=\"elementor-widget-container\">\n\t\t\t\t\t\t\t\t\t<div class=\"elementor-button-wrapper\">\n\t\t\t\t\t<a class=\"elementor-button elementor-button-link elementor-size-xl\" href=\"http:\/\/www.denise-weitenthaler.at\/?page_id=16\">\n\t\t\t\t\t\t<span class=\"elementor-button-content-wrapper\">\n\t\t\t\t\t\t\t\t\t<span class=\"elementor-button-text\">GESPR\u00c4CH VEREINBAREN<\/span>\n\t\t\t\t\t<\/span>\n\t\t\t\t\t<\/a>\n\t\t\t\t<\/div>\n\t\t\t\t\t\t\t\t<\/div>\n\t\t\t\t<\/div>\n\t\t\t\t\t<\/div>\n\t\t<\/div>\n\t\t\t\t\t<\/div>\n\t\t<\/section>\n\t\t\t\t<\/div>\n\t\t","protected":false},"excerpt":{"rendered":"<p>Denise Weitenthaler &#8211; Premium Tier und Familienfotografin Mein Name ist Denise Weitenthaler, 25 Jahre alt, &hellip; <\/p>\n","protected":false},"author":1,"featured_media":0,"parent":0,"menu_order":0,"comment_status":"closed","ping_status":"closed","template":"","meta":{"footnotes":""},"class_list":["post-14","page","type-page","status-publish","hentry","latest_post"],"_links":{"self":[{"href":"http:\/\/www.denise-weitenthaler.at\/index.php?rest_route=\/wp\/v2\/pages\/14","targetHints":{"allow":["GET"]}}],"collection":[{"href":"http:\/\/www.denise-weitenthaler.at\/index.php?rest_route=\/wp\/v2\/pages"}],"about":[{"href":"http:\/\/www.denise-weitenthaler.at\/index.php?rest_route=\/wp\/v2\/types\/page"}],"author":[{"embeddable":true,"href":"http:\/\/www.denise-weitenthaler.at\/index.php?rest_route=\/wp\/v2\/users\/1"}],"replies":[{"embeddable":true,"href":"http:\/\/www.denise-weitenthaler.at\/index.php?rest_route=%2Fwp%2Fv2%2Fcomments&post=14"}],"version-history":[{"count":18,"href":"http:\/\/www.denise-weitenthaler.at\/index.php?rest_route=\/wp\/v2\/pages\/14\/revisions"}],"predecessor-version":[{"id":1246,"href":"http:\/\/www.denise-weitenthaler.at\/index.php?rest_route=\/wp\/v2\/pages\/14\/revisions\/1246"}],"wp:attachment":[{"href":"http:\/\/www.denise-weitenthaler.at\/index.php?rest_route=%2Fwp%2Fv2%2Fmedia&parent=14"}],"curies":[{"name":"wp","href":"https:\/\/api.w.org\/{rel}","templated":true}]}}